{"id":1350,"date":"2020-11-08T21:20:23","date_gmt":"2020-11-08T21:20:23","guid":{"rendered":"http:\/\/ayahuasca.cl\/web\/?page_id=1350"},"modified":"2025-02-28T15:16:24","modified_gmt":"2025-02-28T15:16:24","slug":"ceremonia-ritual-ayahuasca-2","status":"publish","type":"page","link":"https:\/\/ayahuasca.cl\/web\/ceremonia-ritual-ayahuasca-2\/","title":{"rendered":"Ceremonia Ritual Ayahuasca"},"content":{"rendered":"<p>[et_pb_section fb_built=&#8221;1&#8243; _builder_version=&#8221;4.16&#8243; _module_preset=&#8221;default&#8221; background_image=&#8221;https:\/\/ayahuasca.cl\/web\/wp-content\/uploads\/2020\/11\/home.jpg&#8221; parallax=&#8221;on&#8221; custom_padding=&#8221;167px||211px|||&#8221; global_colors_info=&#8221;{}&#8221;][et_pb_row _builder_version=&#8221;4.16&#8243; _module_preset=&#8221;default&#8221; global_colors_info=&#8221;{}&#8221;][et_pb_column type=&#8221;4_4&#8243; _builder_version=&#8221;4.16&#8243; _module_preset=&#8221;default&#8221; global_colors_info=&#8221;{}&#8221;][et_pb_blurb title=&#8221;CEREMONIA RITUAL AYAHUASCA&#8221; content_max_width=&#8221;747px&#8221; _builder_version=&#8221;4.16&#8243; _module_preset=&#8221;default&#8221; header_level=&#8221;h2&#8243; header_font=&#8221;Actor|700|||||||&#8221; header_font_size=&#8221;39px&#8221; body_font=&#8221;Actor||||||||&#8221; body_font_size=&#8221;24px&#8221; text_orientation=&#8221;center&#8221; background_layout=&#8221;dark&#8221; global_colors_info=&#8221;{}&#8221;][\/et_pb_blurb][\/et_pb_column][\/et_pb_row][\/et_pb_section][et_pb_section fb_built=&#8221;1&#8243; _builder_version=&#8221;4.16&#8243; _module_preset=&#8221;default&#8221; custom_padding=&#8221;0px||5px|||&#8221; global_colors_info=&#8221;{}&#8221;][et_pb_row _builder_version=&#8221;4.16&#8243; _module_preset=&#8221;default&#8221; global_colors_info=&#8221;{}&#8221;][et_pb_column type=&#8221;4_4&#8243; _builder_version=&#8221;4.16&#8243; _module_preset=&#8221;default&#8221; global_colors_info=&#8221;{}&#8221;][et_pb_blurb title=&#8221;Independiente de si la experiencia resulta profunda, intensa o amable, la Ayahuasca va a permitir bajar las defensas y que emerjan recuerdos. Es una herramienta extraordinaria terap\u00e9utica que permite abordar traumas muy profundos que acarrean sufrimientos antiguos.&#8221; content_max_width=&#8221;1091px&#8221; _builder_version=&#8221;4.23.1&#8243; _module_preset=&#8221;default&#8221; header_level=&#8221;h3&#8243; header_font=&#8221;||||||||&#8221; header_text_color=&#8221;#006f9d&#8221; hover_enabled=&#8221;0&#8243; global_colors_info=&#8221;{}&#8221; sticky_enabled=&#8221;0&#8243;]<\/p>\n<div class=\"wpb_text_column wpb_content_element \">\n<div class=\"wpb_wrapper\">\n<p>Hace emerger material a la conciencia, ayuda a visualizar las soluciones, a ver cu\u00e1l es mi situaci\u00f3n actual y no s\u00f3lo la del ni\u00f1o que sufri\u00f3, permitiendo entender c\u00f3mo puedo reaccionar en el presente de forma m\u00e1s eficaz y menos costosa en t\u00e9rminos de energ\u00eda y de desgaste.<br \/>Un detalle importante, es que si bien es una tremenda medicina, a veces se necesita m\u00e1s de una sesi\u00f3n y se requiere integrar otras plantas y el acompa\u00f1amiento terap\u00e9utico para sanar realmente e ir m\u00e1s all\u00e1 de la sensaci\u00f3n de haber salido del sufrimiento.<\/p>\n<p>En Manto Wasi trabajamos el uso ritual de la ayahuasca siguiendo el camino de la <span style=\"color: #006f9d;\"><strong>tradici\u00f3n <\/strong><\/span>amaz\u00f3nica Peruana, donde el Ikaro (canto cham\u00e1nico) es el puente entre el mundo espiritual y la sanaci\u00f3n. A trav\u00e9s de los esp\u00edritus de las plantas que invoca, el Ikaro modula la energ\u00eda del ritual, gu\u00eda el trabajo de autoexploraci\u00f3n, en definitiva es la herramienta fundamental del curandero que constituye su conocimiento de poder curativo adquirido a trav\u00e9s retiros, dietas, ingesta de plantas y de la ense\u00f1anza de su Maestro y de la Madre Ayahuasca.<\/p>\n<p>Sal\u00f3n de Ceremonias Climatizado (Invierno y verano)<\/p>\n<\/div>\n<\/div>\n<div class=\"wpb_text_column wpb_content_element \">\n<div class=\"wpb_wrapper\">\n<h4><span style=\"color: #006f9d;\">Beneficios f\u00edsicos, mentales, emocionales y espirituales de la ayahuasca:<\/span><\/h4>\n<\/div>\n<\/div>\n<p>[\/et_pb_blurb][\/et_pb_column][\/et_pb_row][et_pb_row _builder_version=&#8221;4.16&#8243; _module_preset=&#8221;default&#8221; min_height=&#8221;992px&#8221; custom_padding=&#8221;3px|||||&#8221; global_colors_info=&#8221;{}&#8221;][et_pb_column type=&#8221;4_4&#8243; _builder_version=&#8221;4.16&#8243; _module_preset=&#8221;default&#8221; global_colors_info=&#8221;{}&#8221;][et_pb_accordion _builder_version=&#8221;4.16&#8243; _module_preset=&#8221;default&#8221; toggle_text_color=&#8221;#006f9d&#8221; toggle_level=&#8221;h4&#8243; toggle_font=&#8221;Actor|700|||||||&#8221; toggle_font_size=&#8221;23px&#8221; body_text_color=&#8221;#000000&#8243; global_colors_info=&#8221;{}&#8221;][et_pb_accordion_item title=&#8221;Purga&#8221; open=&#8221;on&#8221; _builder_version=&#8221;4.16&#8243; _module_preset=&#8221;default&#8221; global_colors_info=&#8221;{}&#8221;]<\/p>\n<p>Limpieza f\u00edsica (org\u00e1nica) y psicol\u00f3gica (espiritual). La ayahuasca es conocida y empleada tradicionalmente como un purgante para el cuerpo y para el alma. Al beber ayahuasca realizamos una profunda limpieza org\u00e1nica, psicol\u00f3gica y espiritual. \u00c9sta es una medicina \u201cm\u00e1gica\u201d que produce efectos rehabilitadores reales y concretos. Diversos malestares org\u00e1nicos han sido tratados con efectividad, y a\u00fan en la actualidad esta planta maestra nos sigue sorprendiendo con la variedad de problemas f\u00edsicos y psicol\u00f3gicos que resuelve. Es importante destacar que para que este trabajo sea s\u00f3lido y estable en el tiempo se debe realizar un tratamiento m\u00e1s formal que s\u00f3lo sesiones con ella.<\/p>\n<p>[\/et_pb_accordion_item][et_pb_accordion_item title=&#8221;Autoconocimiento, autoevaluaci\u00f3n y autoan\u00e1lisis&#8221; _builder_version=&#8221;4.16&#8243; _module_preset=&#8221;default&#8221; global_colors_info=&#8221;{}&#8221; open=&#8221;off&#8221;]<\/p>\n<p>La purga con ayahuasca es una purga integral y, por lo tanto, abarca tambi\u00e9n y necesariamente una \u201cpurga\u201d de tipo psicol\u00f3gica. Se trata de la expulsi\u00f3n de condicionamientos mentales y emocionales que nos son perjudiciales. La ayahuasca nos permite realizar la autocr\u00edtica constructiva de mayor calidad de toda nuestra existencia. Es la autoevaluaci\u00f3n m\u00e1s completa, es el balance o autoan\u00e1lisis de mayor profundidad que podemos lograr. Es visualizar detalladamente nuestra vida para, a partir de este reconocimiento, buscar las soluciones m\u00e1s pertinentes a nuestras dificultades latentes. El logro del desarrollo de este autoconocimiento es dirigir nuestra atenta mirada a nosotros mismos y a c\u00f3mo estamos viviendo nuestra vida.<\/p>\n<p>[\/et_pb_accordion_item][et_pb_accordion_item title=&#8221;Regresi\u00f3n e instrospecci\u00f3n&#8221; _builder_version=&#8221;4.16&#8243; _module_preset=&#8221;default&#8221; global_colors_info=&#8221;{}&#8221; open=&#8221;off&#8221;]<\/p>\n<p>Durante la experiencia con ayahuasca se realiza un recorrido profundo a trav\u00e9s de nuestra evoluci\u00f3n ps\u00edquica, revisando cada etapa de nuestra vida para una mejor autocomprensi\u00f3n. Es una verdadera reviviscencia, un real volver a vivir algunos pasajes de nuestra vida para superar los conflictos que a\u00fan no est\u00e1n resueltos y que quedaron pendientes. Es importante considerar que esta retrospecci\u00f3n es la base necesaria para mirar hacia nuestro porvenir. Una mirada clara y completa hacia el pasado permite proyectarse s\u00f3lidamente hacia el futuro.<\/p>\n<p>[\/et_pb_accordion_item][et_pb_accordion_item title=&#8221;Conciencia de nuestro inconsciente&#8221; _builder_version=&#8221;4.16&#8243; _module_preset=&#8221;default&#8221; global_colors_info=&#8221;{}&#8221; open=&#8221;off&#8221;]<\/p>\n<p>El inconsciente es lo oculto de nuestro ser, es la memoria de todas las experiencias que nuestro consciente no recuerda. El inconsciente es donde se instauran los traumas, los miedos y los recuerdos que nos afectan sin poder comprender de manera racional de d\u00f3nde vienen y c\u00f3mo operan. La capacidad que tiene la ayahuasca de penetrar en el inconsciente la convierte en una medicina de gran potencial psicoterap\u00e9utico, ya que act\u00faa directamente en las emociones bloqueadas, ayudando a evitar que la mente condicionada boicotee el proceso de cambio profundo. Sin embargo, la profundidad de la sanaci\u00f3n terap\u00e9utica con ayahuasca depender\u00e1 de cu\u00e1n condicionada est\u00e9 la persona por patrones r\u00edgidos y qu\u00e9 tan dispuesta est\u00e1 a soltar la importancia personal (ego) y las estructuras sobre las que \u00e9ste se sustenta.<\/p>\n<p>[\/et_pb_accordion_item][et_pb_accordion_item title=&#8221;La ayahuasca es un desalucinador&#8221; _builder_version=&#8221;4.16&#8243; _module_preset=&#8221;default&#8221; global_colors_info=&#8221;{}&#8221; open=&#8221;off&#8221;]<\/p>\n<p>Esta planta maestra es mal llamada droga o alucin\u00f3geno, cuando realmente es un DESALUCINADOR, pues nos permite percibir la realidad tal cual es y salir de la alucinaci\u00f3n cultural y social en la que podemos estar entrampados. Muchas personas se encuentran alucinadas, extraviadas con respecto a no tener claro su prop\u00f3sito en la vida. Existe una enfermiza ilusi\u00f3n de poder econ\u00f3mico, estatus social, supuesta \u201csabidur\u00eda\u201d basada en la repetici\u00f3n de teor\u00edas r\u00edgidas y limitantes acerca de la vida, que son muy sutiles y que se encuentran disfrazadas de \u00e9xito por el sistema social en el que estamos inmersos. En realidad estamos siendo v\u00edctimas de estos \u201cmodelos sociales\u201d que impiden la verdadera libertad de ser uno mismo y lo \u00fanico que hacen es tapar el gran vac\u00edo interno, miedo e inseguridad frente al Gran Misterio de la Vida. La ayahuasca rompe esa ilusi\u00f3n, despierta y presenta al mundo y la vida tal y como son. No existe mejor forma de poner los pies sobre la tierra que viviendo la experiencia de la ayahuasca y, de esta manera, despertar de todas nuestras fantas\u00edas y alucinaciones socio-culturales.<\/p>\n<p>[\/et_pb_accordion_item][et_pb_accordion_item title=&#8221;Experiencia de \u00e9xtasis m\u00edstico&#8221; _builder_version=&#8221;4.16&#8243; _module_preset=&#8221;default&#8221; global_colors_info=&#8221;{}&#8221; open=&#8221;off&#8221;]<\/p>\n<p>La innata b\u00fasqueda espiritual se canaliza y concretiza al ingresar en la dimensi\u00f3n m\u00e1gica de la ayahuasca, que permite sentir y vivir a la divinidad dentro de uno mismo. Somos uno con el universo, somos el universo y \u00e9ste est\u00e1 contenido dentro de nosotros. Nuestro coraz\u00f3n se expande en la vibraci\u00f3n del amor, contact\u00e1ndonos con el amor incondicional por nosotros mismos y por todo lo que nos rodea. Nos sentimos hijos de la madre tierra y hermanos de todos nuestros semejantes, de los animales, las plantas, las rocas, el viento, la lluvia; todos los seres org\u00e1nicos e inorg\u00e1nicos que habitan en nuestra gran madre planetaria.<\/p>\n<p>[\/et_pb_accordion_item][et_pb_accordion_item title=&#8221;Realizaci\u00f3n espiritual&#8221; _builder_version=&#8221;4.16&#8243; _module_preset=&#8221;default&#8221; global_colors_info=&#8221;{}&#8221; open=&#8221;off&#8221;]<\/p>\n<p>Se logra transitar por un camino de apertura espiritual y autodescubrimiento de nuestro ser esencial. Es el verdadero reconocimiento de nuestra alma y, por ende, la reconciliaci\u00f3n con la totalidad, es decir, el contacto con la suprema divinidad universal. Ya no existen las divisiones, los l\u00edmites desaparecen, somos todos parte del Gran Esp\u00edritu comprendiendo que nuestra verdadera esencia y las de todas las cosas es espiritual.<\/p>\n<p>[\/et_pb_accordion_item][\/et_pb_accordion][et_pb_accordion _builder_version=&#8221;4.23.1&#8243; _module_preset=&#8221;default&#8221; toggle_text_color=&#8221;#006f9d&#8221; toggle_level=&#8221;h4&#8243; toggle_font=&#8221;Actor|700|||||||&#8221; toggle_font_size=&#8221;23px&#8221; body_text_color=&#8221;#000000&#8243; global_colors_info=&#8221;{}&#8221;][et_pb_accordion_item title=&#8221;Restricciones ceremonia ayahuasca&#8221; open=&#8221;on&#8221; _builder_version=&#8221;4.23.1&#8243; _module_preset=&#8221;default&#8221; global_colors_info=&#8221;{}&#8221;]<\/p>\n<p><span>\u00b7\u00a0\u00a0\u00a0\u00a0\u00a0\u00a0<\/span><span>Trastorno cardiovascular grave<\/span><br \/><span>\u00b7\u00a0\u00a0\u00a0\u00a0\u00a0\u00a0<\/span><span>Personas en tratamiento psiqui\u00e1trico diagnosticado como: episodios psic\u00f3ticos, esquizofrenia, trastorno bipolar, trastorno l\u00edmite de la personalidad, depresi\u00f3n con s\u00edntomas psic\u00f3ticos, paranoia. \u00a0<\/span><br \/><span>\u00b7\u00a0\u00a0\u00a0\u00a0\u00a0\u00a0<\/span><span>Personas que se encuentren tomando medicamentos (ISRS), antidepresivos, tript\u00f3fanos, medicamentos con anfetamina, MDMA<\/span><br \/><span>\u00b7\u00a0\u00a0\u00a0\u00a0\u00a0\u00a0<\/span><span>Hierba de San Juan, Ginseng, Hip\u00e9rico\u00a0<\/span><br \/><span>\u00b7\u00a0\u00a0\u00a0\u00a0\u00a0\u00a0<\/span><span>Mujeres con Luna o periodo (avisar)<\/span><br \/><span>\u00b7\u00a0\u00a0\u00a0\u00a0\u00a0\u00a0<\/span><span>Requisito haber pasado proceso de evaluaci\u00f3n en MW<\/span><br \/><b><\/b><span style=\"color: #ff0000;\"><strong><\/strong><\/span><\/p>\n<p>[\/et_pb_accordion_item][\/et_pb_accordion][\/et_pb_column][\/et_pb_row][\/et_pb_section]<\/p>\n","protected":false},"excerpt":{"rendered":"<p>Hace emerger material a la conciencia, ayuda a visualizar las soluciones, a ver cu\u00e1l es mi situaci\u00f3n actual y no s\u00f3lo la del ni\u00f1o que sufri\u00f3, permitiendo entender c\u00f3mo puedo reaccionar en el presente de forma m\u00e1s eficaz y menos costosa en t\u00e9rminos de energ\u00eda y de desgaste.Un detalle importante, es que si bien es [&hellip;]<\/p>\n","protected":false},"author":1,"featured_media":0,"parent":0,"menu_order":0,"comment_status":"closed","ping_status":"closed","template":"","meta":{"_et_pb_use_builder":"on","_et_pb_old_content":"","_et_gb_content_width":"","footnotes":""},"class_list":["post-1350","page","type-page","status-publish","hentry"],"yoast_head":"<!-- This site is optimized with the Yoast SEO plugin v26.1.1 - https:\/\/yoast.com\/wordpress\/plugins\/seo\/ -->\n<title>Ceremonia Ritual Ayahuasca ~ Manto Wasi<\/title>\n<meta name=\"robots\" content=\"index, follow, max-snippet:-1, max-image-preview:large, max-video-preview:-1\" \/>\n<link rel=\"canonical\" href=\"https:\/\/ayahuasca.cl\/web\/ceremonia-ritual-ayahuasca-2\/\" \/>\n<meta property=\"og:locale\" content=\"es_ES\" \/>\n<meta property=\"og:type\" content=\"article\" \/>\n<meta property=\"og:title\" content=\"Ceremonia Ritual Ayahuasca ~ Manto Wasi\" \/>\n<meta property=\"og:description\" content=\"Hace emerger material a la conciencia, ayuda a visualizar las soluciones, a ver cu\u00e1l es mi situaci\u00f3n actual y no s\u00f3lo la del ni\u00f1o que sufri\u00f3, permitiendo entender c\u00f3mo puedo reaccionar en el presente de forma m\u00e1s eficaz y menos costosa en t\u00e9rminos de energ\u00eda y de desgaste.Un detalle importante, es que si bien es [&hellip;]\" \/>\n<meta property=\"og:url\" content=\"https:\/\/ayahuasca.cl\/web\/ceremonia-ritual-ayahuasca-2\/\" \/>\n<meta property=\"og:site_name\" content=\"Manto Wasi\" \/>\n<meta property=\"article:modified_time\" content=\"2025-02-28T15:16:24+00:00\" \/>\n<meta name=\"twitter:card\" content=\"summary_large_image\" \/>\n<meta name=\"twitter:label1\" content=\"Tiempo estimado de lectura\" \/>\n\t<meta name=\"twitter:data1\" content=\"8 minutos\" \/>\n<script type=\"application\/ld+json\" class=\"yoast-schema-graph\">{\"@context\":\"https:\/\/schema.org\",\"@graph\":[{\"@type\":\"WebPage\",\"@id\":\"https:\/\/ayahuasca.cl\/web\/ceremonia-ritual-ayahuasca-2\/\",\"url\":\"https:\/\/ayahuasca.cl\/web\/ceremonia-ritual-ayahuasca-2\/\",\"name\":\"Ceremonia Ritual Ayahuasca ~ Manto Wasi\",\"isPartOf\":{\"@id\":\"https:\/\/ayahuasca.cl\/web\/#website\"},\"datePublished\":\"2020-11-08T21:20:23+00:00\",\"dateModified\":\"2025-02-28T15:16:24+00:00\",\"breadcrumb\":{\"@id\":\"https:\/\/ayahuasca.cl\/web\/ceremonia-ritual-ayahuasca-2\/#breadcrumb\"},\"inLanguage\":\"es-CL\",\"potentialAction\":[{\"@type\":\"ReadAction\",\"target\":[\"https:\/\/ayahuasca.cl\/web\/ceremonia-ritual-ayahuasca-2\/\"]}]},{\"@type\":\"BreadcrumbList\",\"@id\":\"https:\/\/ayahuasca.cl\/web\/ceremonia-ritual-ayahuasca-2\/#breadcrumb\",\"itemListElement\":[{\"@type\":\"ListItem\",\"position\":1,\"name\":\"Portada\",\"item\":\"https:\/\/ayahuasca.cl\/web\/\"},{\"@type\":\"ListItem\",\"position\":2,\"name\":\"Ceremonia Ritual Ayahuasca\"}]},{\"@type\":\"WebSite\",\"@id\":\"https:\/\/ayahuasca.cl\/web\/#website\",\"url\":\"https:\/\/ayahuasca.cl\/web\/\",\"name\":\"Manto Wasi\",\"description\":\"\",\"potentialAction\":[{\"@type\":\"SearchAction\",\"target\":{\"@type\":\"EntryPoint\",\"urlTemplate\":\"https:\/\/ayahuasca.cl\/web\/?s={search_term_string}\"},\"query-input\":{\"@type\":\"PropertyValueSpecification\",\"valueRequired\":true,\"valueName\":\"search_term_string\"}}],\"inLanguage\":\"es-CL\"}]}<\/script>\n<!-- \/ Yoast SEO plugin. -->","yoast_head_json":{"title":"Ceremonia Ritual Ayahuasca ~ Manto Wasi","robots":{"index":"index","follow":"follow","max-snippet":"max-snippet:-1","max-image-preview":"max-image-preview:large","max-video-preview":"max-video-preview:-1"},"canonical":"https:\/\/ayahuasca.cl\/web\/ceremonia-ritual-ayahuasca-2\/","og_locale":"es_ES","og_type":"article","og_title":"Ceremonia Ritual Ayahuasca ~ Manto Wasi","og_description":"Hace emerger material a la conciencia, ayuda a visualizar las soluciones, a ver cu\u00e1l es mi situaci\u00f3n actual y no s\u00f3lo la del ni\u00f1o que sufri\u00f3, permitiendo entender c\u00f3mo puedo reaccionar en el presente de forma m\u00e1s eficaz y menos costosa en t\u00e9rminos de energ\u00eda y de desgaste.Un detalle importante, es que si bien es [&hellip;]","og_url":"https:\/\/ayahuasca.cl\/web\/ceremonia-ritual-ayahuasca-2\/","og_site_name":"Manto Wasi","article_modified_time":"2025-02-28T15:16:24+00:00","twitter_card":"summary_large_image","twitter_misc":{"Tiempo estimado de lectura":"8 minutos"},"schema":{"@context":"https:\/\/schema.org","@graph":[{"@type":"WebPage","@id":"https:\/\/ayahuasca.cl\/web\/ceremonia-ritual-ayahuasca-2\/","url":"https:\/\/ayahuasca.cl\/web\/ceremonia-ritual-ayahuasca-2\/","name":"Ceremonia Ritual Ayahuasca ~ Manto Wasi","isPartOf":{"@id":"https:\/\/ayahuasca.cl\/web\/#website"},"datePublished":"2020-11-08T21:20:23+00:00","dateModified":"2025-02-28T15:16:24+00:00","breadcrumb":{"@id":"https:\/\/ayahuasca.cl\/web\/ceremonia-ritual-ayahuasca-2\/#breadcrumb"},"inLanguage":"es-CL","potentialAction":[{"@type":"ReadAction","target":["https:\/\/ayahuasca.cl\/web\/ceremonia-ritual-ayahuasca-2\/"]}]},{"@type":"BreadcrumbList","@id":"https:\/\/ayahuasca.cl\/web\/ceremonia-ritual-ayahuasca-2\/#breadcrumb","itemListElement":[{"@type":"ListItem","position":1,"name":"Portada","item":"https:\/\/ayahuasca.cl\/web\/"},{"@type":"ListItem","position":2,"name":"Ceremonia Ritual Ayahuasca"}]},{"@type":"WebSite","@id":"https:\/\/ayahuasca.cl\/web\/#website","url":"https:\/\/ayahuasca.cl\/web\/","name":"Manto Wasi","description":"","potentialAction":[{"@type":"SearchAction","target":{"@type":"EntryPoint","urlTemplate":"https:\/\/ayahuasca.cl\/web\/?s={search_term_string}"},"query-input":{"@type":"PropertyValueSpecification","valueRequired":true,"valueName":"search_term_string"}}],"inLanguage":"es-CL"}]}},"_links":{"self":[{"href":"https:\/\/ayahuasca.cl\/web\/wp-json\/wp\/v2\/pages\/1350","targetHints":{"allow":["GET"]}}],"collection":[{"href":"https:\/\/ayahuasca.cl\/web\/wp-json\/wp\/v2\/pages"}],"about":[{"href":"https:\/\/ayahuasca.cl\/web\/wp-json\/wp\/v2\/types\/page"}],"author":[{"embeddable":true,"href":"https:\/\/ayahuasca.cl\/web\/wp-json\/wp\/v2\/users\/1"}],"replies":[{"embeddable":true,"href":"https:\/\/ayahuasca.cl\/web\/wp-json\/wp\/v2\/comments?post=1350"}],"version-history":[{"count":10,"href":"https:\/\/ayahuasca.cl\/web\/wp-json\/wp\/v2\/pages\/1350\/revisions"}],"predecessor-version":[{"id":1680,"href":"https:\/\/ayahuasca.cl\/web\/wp-json\/wp\/v2\/pages\/1350\/revisions\/1680"}],"wp:attachment":[{"href":"https:\/\/ayahuasca.cl\/web\/wp-json\/wp\/v2\/media?parent=1350"}],"curies":[{"name":"wp","href":"https:\/\/api.w.org\/{rel}","templated":true}]}}